{"id":417,"date":"2021-08-20T15:15:43","date_gmt":"2021-08-20T15:15:43","guid":{"rendered":"http:\/\/new.sjalfsvorn.is\/?page_id=417"},"modified":"2022-09-06T14:14:45","modified_gmt":"2022-09-06T14:14:45","slug":"kennarar","status":"publish","type":"page","link":"http:\/\/new.sjalfsvorn.is\/en\/kennarar\/","title":{"rendered":"Coaches"},"content":{"rendered":"<div data-elementor-type=\"wp-page\" data-elementor-id=\"417\" class=\"elementor elementor-417\">\n\t\t\t\t\t\t<section class=\"elementor-section elementor-top-section elementor-element elementor-element-7d74cea elementor-section-height-min-height elementor-section-items-bottom elementor-section-content-bottom elementor-section-boxed elementor-section-height-default\" data-id=\"7d74cea\" data-element_type=\"section\" data-settings=\"{&quot;background_background&quot;:&quot;classic&quot;,&quot;shape_divider_bottom&quot;:&quot;tilt&quot;}\">\n\t\t\t\t\t<div class=\"elementor-shape elementor-shape-bottom\" data-negative=\"false\">\n\t\t\t<svg xmlns=\"http:\/\/www.w3.org\/2000\/svg\" viewbox=\"0 0 1000 100\" preserveaspectratio=\"none\">\n\t<path class=\"elementor-shape-fill\" d=\"M0,6V0h1000v100L0,6z\"\/>\n<\/svg>\t\t<\/div>\n\t\t\t\t\t<div class=\"elementor-container elementor-column-gap-default\">\n\t\t\t\t\t<div class=\"elementor-column elementor-col-100 elementor-top-column elementor-element elementor-element-8345266\" data-id=\"8345266\" data-element_type=\"column\">\n\t\t\t<div class=\"elementor-widget-wrap elementor-element-populated\">\n\t\t\t\t\t\t<section class=\"elementor-section elementor-inner-section elementor-element elementor-element-c3bb660 elementor-section-full_width elementor-section-content-bottom elementor-section-height-default elementor-section-height-default\" data-id=\"c3bb660\" data-element_type=\"section\">\n\t\t\t\t\t\t<div class=\"elementor-container elementor-column-gap-default\">\n\t\t\t\t\t<div class=\"elementor-column elementor-col-50 elementor-inner-column elementor-element elementor-element-864c045\" data-id=\"864c045\" data-element_type=\"column\">\n\t\t\t<div class=\"elementor-widget-wrap elementor-element-populated\">\n\t\t\t\t\t\t<div class=\"elementor-element elementor-element-46f676e elementor-widget elementor-widget-image\" data-id=\"46f676e\" data-element_type=\"widget\" data-widget_type=\"image.default\">\n\t\t\t\t<div class=\"elementor-widget-container\">\n\t\t\t<style>\/*! elementor - v3.21.0 - 15-04-2024 *\/\n.elementor-widget-image{text-align:center}.elementor-widget-image a{display:inline-block}.elementor-widget-image a img[src$=\".svg\"]{width:48px}.elementor-widget-image img{vertical-align:middle;display:inline-block}<\/style>\t\t\t\t\t\t\t\t\t\t<img fetchpriority=\"high\" decoding=\"async\" width=\"300\" height=\"266\" src=\"http:\/\/new.sjalfsvorn.is\/wp-content\/uploads\/2021\/08\/JJFR-Einfalt-Iceland-2-300x266.png\" class=\"attachment-medium size-medium wp-image-156\" alt=\"\" srcset=\"http:\/\/new.sjalfsvorn.is\/wp-content\/uploads\/2021\/08\/JJFR-Einfalt-Iceland-2-300x266.png 300w, http:\/\/new.sjalfsvorn.is\/wp-content\/uploads\/2021\/08\/JJFR-Einfalt-Iceland-2-1024x907.png 1024w, http:\/\/new.sjalfsvorn.is\/wp-content\/uploads\/2021\/08\/JJFR-Einfalt-Iceland-2-768x680.png 768w, http:\/\/new.sjalfsvorn.is\/wp-content\/uploads\/2021\/08\/JJFR-Einfalt-Iceland-2-1536x1361.png 1536w, http:\/\/new.sjalfsvorn.is\/wp-content\/uploads\/2021\/08\/JJFR-Einfalt-Iceland-2.png 1700w\" sizes=\"(max-width: 300px) 100vw, 300px\" \/>\t\t\t\t\t\t\t\t\t\t\t\t\t<\/div>\n\t\t\t\t<\/div>\n\t\t\t\t\t<\/div>\n\t\t<\/div>\n\t\t\t\t<div class=\"elementor-column elementor-col-50 elementor-inner-column elementor-element elementor-element-6fad71b\" data-id=\"6fad71b\" data-element_type=\"column\">\n\t\t\t<div class=\"elementor-widget-wrap elementor-element-populated\">\n\t\t\t\t\t\t<div class=\"elementor-element elementor-element-228645c elementor-widget elementor-widget-heading\" data-id=\"228645c\" data-element_type=\"widget\" data-widget_type=\"heading.default\">\n\t\t\t\t<div class=\"elementor-widget-container\">\n\t\t\t<style>\/*! elementor - v3.21.0 - 15-04-2024 *\/\n.elementor-heading-title{padding:0;margin:0;line-height:1}.elementor-widget-heading .elementor-heading-title[class*=elementor-size-]>a{color:inherit;font-size:inherit;line-height:inherit}.elementor-widget-heading .elementor-heading-title.elementor-size-small{font-size:15px}.elementor-widget-heading .elementor-heading-title.elementor-size-medium{font-size:19px}.elementor-widget-heading .elementor-heading-title.elementor-size-large{font-size:29px}.elementor-widget-heading .elementor-heading-title.elementor-size-xl{font-size:39px}.elementor-widget-heading .elementor-heading-title.elementor-size-xxl{font-size:59px}<\/style><h2 class=\"elementor-heading-title elementor-size-default\">Coaches<\/h2>\t\t<\/div>\n\t\t\t\t<\/div>\n\t\t\t\t\t<\/div>\n\t\t<\/div>\n\t\t\t\t\t<\/div>\n\t\t<\/section>\n\t\t\t\t\t<\/div>\n\t\t<\/div>\n\t\t\t\t\t<\/div>\n\t\t<\/section>\n\t\t\t\t<section class=\"elementor-section elementor-top-section elementor-element elementor-element-244624f elementor-section-content-middle elementor-section-full_width elementor-section-height-default elementor-section-height-default\" data-id=\"244624f\" data-element_type=\"section\" data-settings=\"{&quot;background_background&quot;:&quot;classic&quot;}\">\n\t\t\t\t\t\t<div class=\"elementor-container elementor-column-gap-wide\">\n\t\t\t\t\t<div class=\"elementor-column elementor-col-100 elementor-top-column elementor-element elementor-element-026d7f9\" data-id=\"026d7f9\" data-element_type=\"column\" data-settings=\"{&quot;background_background&quot;:&quot;classic&quot;}\">\n\t\t\t<div class=\"elementor-widget-wrap elementor-element-populated\">\n\t\t\t\t\t\t<div class=\"elementor-element elementor-element-9a631aa elementor-widget elementor-widget-heading\" data-id=\"9a631aa\" data-element_type=\"widget\" data-widget_type=\"heading.default\">\n\t\t\t\t<div class=\"elementor-widget-container\">\n\t\t\t<h2 class=\"elementor-heading-title elementor-size-default\">Head coach<\/h2>\t\t<\/div>\n\t\t\t\t<\/div>\n\t\t\t\t<section class=\"elementor-section elementor-inner-section elementor-element elementor-element-20680e3 elementor-section-boxed elementor-section-height-default elementor-section-height-default\" data-id=\"20680e3\" data-element_type=\"section\">\n\t\t\t\t\t\t<div class=\"elementor-container elementor-column-gap-default\">\n\t\t\t\t\t<div class=\"elementor-column elementor-col-50 elementor-inner-column elementor-element elementor-element-c9c0e01\" data-id=\"c9c0e01\" data-element_type=\"column\">\n\t\t\t<div class=\"elementor-widget-wrap elementor-element-populated\">\n\t\t\t\t\t\t<div class=\"elementor-element elementor-element-c058607 elementor-widget elementor-widget-image\" data-id=\"c058607\" data-element_type=\"widget\" data-widget_type=\"image.default\">\n\t\t\t\t<div class=\"elementor-widget-container\">\n\t\t\t\t\t\t\t\t\t\t\t\t\t<img decoding=\"async\" width=\"169\" height=\"169\" src=\"http:\/\/new.sjalfsvorn.is\/wp-content\/uploads\/2021\/09\/magnus_temp.png\" class=\"attachment-large size-large wp-image-612\" alt=\"\" srcset=\"http:\/\/new.sjalfsvorn.is\/wp-content\/uploads\/2021\/09\/magnus_temp.png 169w, http:\/\/new.sjalfsvorn.is\/wp-content\/uploads\/2021\/09\/magnus_temp-150x150.png 150w, http:\/\/new.sjalfsvorn.is\/wp-content\/uploads\/2021\/09\/magnus_temp-12x12.png 12w\" sizes=\"(max-width: 169px) 100vw, 169px\" \/>\t\t\t\t\t\t\t\t\t\t\t\t\t<\/div>\n\t\t\t\t<\/div>\n\t\t\t\t<div class=\"elementor-element elementor-element-305d09c elementor-widget elementor-widget-image\" data-id=\"305d09c\" data-element_type=\"widget\" data-widget_type=\"image.default\">\n\t\t\t\t<div class=\"elementor-widget-container\">\n\t\t\t\t\t\t\t\t\t\t\t\t\t<img decoding=\"async\" width=\"80\" height=\"31\" src=\"http:\/\/new.sjalfsvorn.is\/wp-content\/uploads\/2021\/09\/06dan-red.png\" class=\"attachment-thumbnail size-thumbnail wp-image-632\" alt=\"\" srcset=\"http:\/\/new.sjalfsvorn.is\/wp-content\/uploads\/2021\/09\/06dan-red.png 80w, http:\/\/new.sjalfsvorn.is\/wp-content\/uploads\/2021\/09\/06dan-red-18x7.png 18w\" sizes=\"(max-width: 80px) 100vw, 80px\" \/>\t\t\t\t\t\t\t\t\t\t\t\t\t<\/div>\n\t\t\t\t<\/div>\n\t\t\t\t\t<\/div>\n\t\t<\/div>\n\t\t\t\t<div class=\"elementor-column elementor-col-50 elementor-inner-column elementor-element elementor-element-32d6ddb\" data-id=\"32d6ddb\" data-element_type=\"column\">\n\t\t\t<div class=\"elementor-widget-wrap elementor-element-populated\">\n\t\t\t\t\t\t<div class=\"elementor-element elementor-element-9ea4294 elementor-widget elementor-widget-text-editor\" data-id=\"9ea4294\" data-element_type=\"widget\" data-widget_type=\"text-editor.default\">\n\t\t\t\t<div class=\"elementor-widget-container\">\n\t\t\t<style>\/*! elementor - v3.21.0 - 15-04-2024 *\/\n.elementor-widget-text-editor.elementor-drop-cap-view-stacked .elementor-drop-cap{background-color:#69727d;color:#fff}.elementor-widget-text-editor.elementor-drop-cap-view-framed .elementor-drop-cap{color:#69727d;border:3px solid;background-color:transparent}.elementor-widget-text-editor:not(.elementor-drop-cap-view-default) .elementor-drop-cap{margin-top:8px}.elementor-widget-text-editor:not(.elementor-drop-cap-view-default) .elementor-drop-cap-letter{width:1em;height:1em}.elementor-widget-text-editor .elementor-drop-cap{float:left;text-align:center;line-height:1;font-size:50px}.elementor-widget-text-editor .elementor-drop-cap-letter{display:inline-block}<\/style>\t\t\t\t<p><strong>Magn\u00fas \u00c1sbj\u00f6rnsson, 6. dan<\/strong><\/p><p>Magn\u00fas has trained Ju Jitsu since the year 1989, both in Iceland and abroad. He has been a teacher with the club since the year 2000, and took over as our head coach in 2011.<\/p><p><em>sensei@sjalfsvorn.is<\/em><\/p>\t\t\t\t\t\t<\/div>\n\t\t\t\t<\/div>\n\t\t\t\t\t<\/div>\n\t\t<\/div>\n\t\t\t\t\t<\/div>\n\t\t<\/section>\n\t\t\t\t\t<\/div>\n\t\t<\/div>\n\t\t\t\t\t<\/div>\n\t\t<\/section>\n\t\t\t\t<section class=\"elementor-section elementor-top-section elementor-element elementor-element-f09812f elementor-section-content-middle elementor-section-full_width elementor-section-height-default elementor-section-height-default\" data-id=\"f09812f\" data-element_type=\"section\" data-settings=\"{&quot;background_background&quot;:&quot;classic&quot;}\">\n\t\t\t\t\t\t<div class=\"elementor-container elementor-column-gap-wide\">\n\t\t\t\t\t<div class=\"elementor-column elementor-col-100 elementor-top-column elementor-element elementor-element-3be0b64\" data-id=\"3be0b64\" data-element_type=\"column\" data-settings=\"{&quot;background_background&quot;:&quot;classic&quot;}\">\n\t\t\t<div class=\"elementor-widget-wrap elementor-element-populated\">\n\t\t\t\t\t\t<div class=\"elementor-element elementor-element-b16b72d elementor-widget elementor-widget-heading\" data-id=\"b16b72d\" data-element_type=\"widget\" data-widget_type=\"heading.default\">\n\t\t\t\t<div class=\"elementor-widget-container\">\n\t\t\t<h2 class=\"elementor-heading-title elementor-size-default\">Other coaches<\/h2>\t\t<\/div>\n\t\t\t\t<\/div>\n\t\t\t\t<section class=\"elementor-section elementor-inner-section elementor-element elementor-element-32db789 elementor-section-full_width elementor-section-height-default elementor-section-height-default\" data-id=\"32db789\" data-element_type=\"section\">\n\t\t\t\t\t\t<div class=\"elementor-container elementor-column-gap-default\">\n\t\t\t\t\t<div class=\"elementor-column elementor-col-25 elementor-inner-column elementor-element elementor-element-c57c4a8\" data-id=\"c57c4a8\" data-element_type=\"column\">\n\t\t\t<div class=\"elementor-widget-wrap elementor-element-populated\">\n\t\t\t\t\t\t<div class=\"elementor-element elementor-element-7fa0a91 elementor-widget elementor-widget-image\" data-id=\"7fa0a91\" data-element_type=\"widget\" data-widget_type=\"image.default\">\n\t\t\t\t<div class=\"elementor-widget-container\">\n\t\t\t\t\t\t\t\t\t\t\t\t\t<img loading=\"lazy\" decoding=\"async\" width=\"169\" height=\"169\" src=\"http:\/\/new.sjalfsvorn.is\/wp-content\/uploads\/2021\/09\/gummi_tmp.png\" class=\"attachment-medium size-medium wp-image-611\" alt=\"\" srcset=\"http:\/\/new.sjalfsvorn.is\/wp-content\/uploads\/2021\/09\/gummi_tmp.png 169w, http:\/\/new.sjalfsvorn.is\/wp-content\/uploads\/2021\/09\/gummi_tmp-150x150.png 150w, http:\/\/new.sjalfsvorn.is\/wp-content\/uploads\/2021\/09\/gummi_tmp-12x12.png 12w\" sizes=\"(max-width: 169px) 100vw, 169px\" \/>\t\t\t\t\t\t\t\t\t\t\t\t\t<\/div>\n\t\t\t\t<\/div>\n\t\t\t\t<div class=\"elementor-element elementor-element-1c87c7b elementor-widget elementor-widget-image\" data-id=\"1c87c7b\" data-element_type=\"widget\" data-widget_type=\"image.default\">\n\t\t\t\t<div class=\"elementor-widget-container\">\n\t\t\t\t\t\t\t\t\t\t\t\t\t<img loading=\"lazy\" decoding=\"async\" width=\"80\" height=\"31\" src=\"http:\/\/new.sjalfsvorn.is\/wp-content\/uploads\/2021\/09\/03dan-red.png\" class=\"attachment-thumbnail size-thumbnail wp-image-633\" alt=\"\" srcset=\"http:\/\/new.sjalfsvorn.is\/wp-content\/uploads\/2021\/09\/03dan-red.png 80w, http:\/\/new.sjalfsvorn.is\/wp-content\/uploads\/2021\/09\/03dan-red-18x7.png 18w\" sizes=\"(max-width: 80px) 100vw, 80px\" \/>\t\t\t\t\t\t\t\t\t\t\t\t\t<\/div>\n\t\t\t\t<\/div>\n\t\t\t\t<div class=\"elementor-element elementor-element-2114313 elementor-widget elementor-widget-text-editor\" data-id=\"2114313\" data-element_type=\"widget\" data-widget_type=\"text-editor.default\">\n\t\t\t\t<div class=\"elementor-widget-container\">\n\t\t\t\t\t\t\t<p><strong>Gu\u00f0mundur Arnar Gu\u00f0mundsson ( 3. dan)<\/strong><\/p><p>Gu\u00f0mundur has practiced Ju Jitsu from the year 2001 and has trained both children and adults, beginners and advanced students. He achieved his first black belt in 2006.<\/p>\t\t\t\t\t\t<\/div>\n\t\t\t\t<\/div>\n\t\t\t\t\t<\/div>\n\t\t<\/div>\n\t\t\t\t<div class=\"elementor-column elementor-col-25 elementor-inner-column elementor-element elementor-element-dd1dc30\" data-id=\"dd1dc30\" data-element_type=\"column\">\n\t\t\t<div class=\"elementor-widget-wrap elementor-element-populated\">\n\t\t\t\t\t\t<div class=\"elementor-element elementor-element-713c8f1 elementor-widget elementor-widget-image\" data-id=\"713c8f1\" data-element_type=\"widget\" data-widget_type=\"image.default\">\n\t\t\t\t<div class=\"elementor-widget-container\">\n\t\t\t\t\t\t\t\t\t\t\t\t\t<img loading=\"lazy\" decoding=\"async\" width=\"169\" height=\"169\" src=\"http:\/\/new.sjalfsvorn.is\/wp-content\/uploads\/2021\/09\/ivar_temp.png\" class=\"attachment-medium size-medium wp-image-617\" alt=\"\" srcset=\"http:\/\/new.sjalfsvorn.is\/wp-content\/uploads\/2021\/09\/ivar_temp.png 169w, http:\/\/new.sjalfsvorn.is\/wp-content\/uploads\/2021\/09\/ivar_temp-150x150.png 150w, http:\/\/new.sjalfsvorn.is\/wp-content\/uploads\/2021\/09\/ivar_temp-12x12.png 12w\" sizes=\"(max-width: 169px) 100vw, 169px\" \/>\t\t\t\t\t\t\t\t\t\t\t\t\t<\/div>\n\t\t\t\t<\/div>\n\t\t\t\t<div class=\"elementor-element elementor-element-07a78a2 elementor-widget elementor-widget-image\" data-id=\"07a78a2\" data-element_type=\"widget\" data-widget_type=\"image.default\">\n\t\t\t\t<div class=\"elementor-widget-container\">\n\t\t\t\t\t\t\t\t\t\t\t\t\t<img loading=\"lazy\" decoding=\"async\" width=\"80\" height=\"31\" src=\"http:\/\/new.sjalfsvorn.is\/wp-content\/uploads\/2021\/08\/01dan-red.png\" class=\"attachment-thumbnail size-thumbnail wp-image-453\" alt=\"\" srcset=\"http:\/\/new.sjalfsvorn.is\/wp-content\/uploads\/2021\/08\/01dan-red.png 80w, http:\/\/new.sjalfsvorn.is\/wp-content\/uploads\/2021\/08\/01dan-red-18x7.png 18w\" sizes=\"(max-width: 80px) 100vw, 80px\" \/>\t\t\t\t\t\t\t\t\t\t\t\t\t<\/div>\n\t\t\t\t<\/div>\n\t\t\t\t<div class=\"elementor-element elementor-element-dfdf78e elementor-widget elementor-widget-text-editor\" data-id=\"dfdf78e\" data-element_type=\"widget\" data-widget_type=\"text-editor.default\">\n\t\t\t\t<div class=\"elementor-widget-container\">\n\t\t\t\t\t\t\t<p><strong>\u00cdvar Gunnarsson (1. dan)<\/strong><\/p><p>\u00cdvar has trained with the club from the year 2012, and started assisting with children's training in 2015. He achieved his black belt in 2018.<\/p>\t\t\t\t\t\t<\/div>\n\t\t\t\t<\/div>\n\t\t\t\t\t<\/div>\n\t\t<\/div>\n\t\t\t\t<div class=\"elementor-column elementor-col-25 elementor-inner-column elementor-element elementor-element-fcfb80a\" data-id=\"fcfb80a\" data-element_type=\"column\">\n\t\t\t<div class=\"elementor-widget-wrap elementor-element-populated\">\n\t\t\t\t\t\t<div class=\"elementor-element elementor-element-bb6c669 elementor-widget elementor-widget-image\" data-id=\"bb6c669\" data-element_type=\"widget\" data-widget_type=\"image.default\">\n\t\t\t\t<div class=\"elementor-widget-container\">\n\t\t\t\t\t\t\t\t\t\t\t\t\t<img loading=\"lazy\" decoding=\"async\" width=\"169\" height=\"169\" src=\"http:\/\/new.sjalfsvorn.is\/wp-content\/uploads\/2021\/09\/gilles_temp.png\" class=\"attachment-medium size-medium wp-image-625\" alt=\"\" srcset=\"http:\/\/new.sjalfsvorn.is\/wp-content\/uploads\/2021\/09\/gilles_temp.png 169w, http:\/\/new.sjalfsvorn.is\/wp-content\/uploads\/2021\/09\/gilles_temp-150x150.png 150w, http:\/\/new.sjalfsvorn.is\/wp-content\/uploads\/2021\/09\/gilles_temp-12x12.png 12w\" sizes=\"(max-width: 169px) 100vw, 169px\" \/>\t\t\t\t\t\t\t\t\t\t\t\t\t<\/div>\n\t\t\t\t<\/div>\n\t\t\t\t<div class=\"elementor-element elementor-element-5aa164c elementor-widget elementor-widget-image\" data-id=\"5aa164c\" data-element_type=\"widget\" data-widget_type=\"image.default\">\n\t\t\t\t<div class=\"elementor-widget-container\">\n\t\t\t\t\t\t\t\t\t\t\t\t\t<img loading=\"lazy\" decoding=\"async\" width=\"80\" height=\"31\" src=\"http:\/\/new.sjalfsvorn.is\/wp-content\/uploads\/2021\/08\/01dan-red.png\" class=\"attachment-thumbnail size-thumbnail wp-image-453\" alt=\"\" srcset=\"http:\/\/new.sjalfsvorn.is\/wp-content\/uploads\/2021\/08\/01dan-red.png 80w, http:\/\/new.sjalfsvorn.is\/wp-content\/uploads\/2021\/08\/01dan-red-18x7.png 18w\" sizes=\"(max-width: 80px) 100vw, 80px\" \/>\t\t\t\t\t\t\t\t\t\t\t\t\t<\/div>\n\t\t\t\t<\/div>\n\t\t\t\t<div class=\"elementor-element elementor-element-7a3560b elementor-widget elementor-widget-text-editor\" data-id=\"7a3560b\" data-element_type=\"widget\" data-widget_type=\"text-editor.default\">\n\t\t\t\t<div class=\"elementor-widget-container\">\n\t\t\t\t\t\t\t<p><strong>Gilles Tasse (1. dan)<\/strong><\/p><p>Gilles hefur lagt stund \u00e1 sj\u00e1lfsvarnarlistir \u00ed yfir 25 \u00e1r. Hann er me\u00f0 br\u00fant belti \u00ed shotokan Karate, og var ver\u00f0launahafi \u00ed \u00feungavigtarflokki \u00ed Kumite \u00e1ri\u00f0 2004. Hann er s\u00f6mulei\u00f0is me\u00f0 br\u00fant belti \u00ed j\u00fad\u00f3 fr\u00e1 \u00e1rinu 2019.<\/p>\t\t\t\t\t\t<\/div>\n\t\t\t\t<\/div>\n\t\t\t\t\t<\/div>\n\t\t<\/div>\n\t\t\t\t<div class=\"elementor-column elementor-col-25 elementor-inner-column elementor-element elementor-element-626ebdc\" data-id=\"626ebdc\" data-element_type=\"column\">\n\t\t\t<div class=\"elementor-widget-wrap elementor-element-populated\">\n\t\t\t\t\t\t<div class=\"elementor-element elementor-element-eb22f69 elementor-widget elementor-widget-image\" data-id=\"eb22f69\" data-element_type=\"widget\" data-widget_type=\"image.default\">\n\t\t\t\t<div class=\"elementor-widget-container\">\n\t\t\t\t\t\t\t\t\t\t\t\t\t<img loading=\"lazy\" decoding=\"async\" width=\"169\" height=\"169\" src=\"http:\/\/new.sjalfsvorn.is\/wp-content\/uploads\/2021\/09\/georg_temp.png\" class=\"attachment-medium size-medium wp-image-638\" alt=\"\" srcset=\"http:\/\/new.sjalfsvorn.is\/wp-content\/uploads\/2021\/09\/georg_temp.png 169w, http:\/\/new.sjalfsvorn.is\/wp-content\/uploads\/2021\/09\/georg_temp-150x150.png 150w, http:\/\/new.sjalfsvorn.is\/wp-content\/uploads\/2021\/09\/georg_temp-12x12.png 12w\" sizes=\"(max-width: 169px) 100vw, 169px\" \/>\t\t\t\t\t\t\t\t\t\t\t\t\t<\/div>\n\t\t\t\t<\/div>\n\t\t\t\t<div class=\"elementor-element elementor-element-69d3c1f elementor-widget elementor-widget-image\" data-id=\"69d3c1f\" data-element_type=\"widget\" data-widget_type=\"image.default\">\n\t\t\t\t<div class=\"elementor-widget-container\">\n\t\t\t\t\t\t\t\t\t\t\t\t\t<img loading=\"lazy\" decoding=\"async\" width=\"80\" height=\"31\" src=\"http:\/\/new.sjalfsvorn.is\/wp-content\/uploads\/2021\/08\/01dan-red.png\" class=\"attachment-thumbnail size-thumbnail wp-image-453\" alt=\"\" srcset=\"http:\/\/new.sjalfsvorn.is\/wp-content\/uploads\/2021\/08\/01dan-red.png 80w, http:\/\/new.sjalfsvorn.is\/wp-content\/uploads\/2021\/08\/01dan-red-18x7.png 18w\" sizes=\"(max-width: 80px) 100vw, 80px\" \/>\t\t\t\t\t\t\t\t\t\t\t\t\t<\/div>\n\t\t\t\t<\/div>\n\t\t\t\t<div class=\"elementor-element elementor-element-5cd6028 elementor-widget elementor-widget-text-editor\" data-id=\"5cd6028\" data-element_type=\"widget\" data-widget_type=\"text-editor.default\">\n\t\t\t\t<div class=\"elementor-widget-container\">\n\t\t\t\t\t\t\t<p><strong>Georg Ziegler (1.dan)<\/strong><\/p><p>Georg has been with Ju Jitsuf\u00e9lag Reykjav\u00edkur since the year 2013, and achieved his black belt in 2019.<\/p>\t\t\t\t\t\t<\/div>\n\t\t\t\t<\/div>\n\t\t\t\t\t<\/div>\n\t\t<\/div>\n\t\t\t\t\t<\/div>\n\t\t<\/section>\n\t\t\t\t\t<\/div>\n\t\t<\/div>\n\t\t\t\t\t<\/div>\n\t\t<\/section>\n\t\t\t\t<\/div>","protected":false},"excerpt":{"rendered":"<p>Kennarar Yfirkennari Magn\u00fas \u00c1sbj\u00f6rnsson, 6. dan Magn\u00fas hefur \u00e6ft Ju Jitsu fr\u00e1 \u00e1rinu 1989 b\u00e6\u00f0i h\u00e9rlendis sem erlendis. Hann hefur sinnt kennslu hj\u00e1 Ju Jitsuf\u00e9lagi Reykjav\u00edkur fr\u00e1 \u00e1rinu 2000 og t\u00f3k vi\u00f0 sem yfirkennari f\u00e9lagsins \u00e1ri\u00f0 2011. sensei@sjalfsvorn.is A\u00f0rir kennarar Gu\u00f0mundur Arnar Gu\u00f0mundsson ( 3. dan) Gu\u00f0mundur hefur \u00e6ft Ju Jitsu hj\u00e1 f\u00e9laginu fr\u00e1 \u00e1rinu [&hellip;]<\/p>","protected":false},"author":1,"featured_media":0,"parent":0,"menu_order":0,"comment_status":"closed","ping_status":"closed","template":"elementor_header_footer","meta":{"footnotes":""},"class_list":["post-417","page","type-page","status-publish","hentry","entry"],"jetpack_sharing_enabled":true,"_links":{"self":[{"href":"http:\/\/new.sjalfsvorn.is\/en\/wp-json\/wp\/v2\/pages\/417","targetHints":{"allow":["GET"]}}],"collection":[{"href":"http:\/\/new.sjalfsvorn.is\/en\/wp-json\/wp\/v2\/pages"}],"about":[{"href":"http:\/\/new.sjalfsvorn.is\/en\/wp-json\/wp\/v2\/types\/page"}],"author":[{"embeddable":true,"href":"http:\/\/new.sjalfsvorn.is\/en\/wp-json\/wp\/v2\/users\/1"}],"replies":[{"embeddable":true,"href":"http:\/\/new.sjalfsvorn.is\/en\/wp-json\/wp\/v2\/comments?post=417"}],"version-history":[{"count":41,"href":"http:\/\/new.sjalfsvorn.is\/en\/wp-json\/wp\/v2\/pages\/417\/revisions"}],"predecessor-version":[{"id":701,"href":"http:\/\/new.sjalfsvorn.is\/en\/wp-json\/wp\/v2\/pages\/417\/revisions\/701"}],"wp:attachment":[{"href":"http:\/\/new.sjalfsvorn.is\/en\/wp-json\/wp\/v2\/media?parent=417"}],"curies":[{"name":"wp","href":"https:\/\/api.w.org\/{rel}","templated":true}]}}